{"id":621,"date":"2020-07-12T11:07:45","date_gmt":"2020-07-12T11:07:45","guid":{"rendered":"https:\/\/wco.pt\/spdelivery\/?page_id=621"},"modified":"2021-04-07T17:24:59","modified_gmt":"2021-04-07T17:24:59","slug":"ementa-delivery","status":"publish","type":"page","link":"https:\/\/wconde.net\/spdelivery\/ementa-delivery\/","title":{"rendered":"Ementa Delivery"},"content":{"rendered":"\n<h2 class=\"has-text-align-center wp-block-heading\">Ementa Delivery<\/h2>\n\n\n\n<div class=\"wp-block-image\"><figure class=\"aligncenter size-large is-resized\"><img decoding=\"async\" src=\"https:\/\/wco.pt\/spdelivery\/wp-content\/uploads\/2020\/04\/Frase_PT.png\" alt=\"\" class=\"wp-image-81\" width=\"580\" height=\"46\" srcset=\"https:\/\/wconde.net\/spdelivery\/wp-content\/uploads\/2020\/04\/Frase_PT.png 698w, https:\/\/wconde.net\/spdelivery\/wp-content\/uploads\/2020\/04\/Frase_PT-300x24.png 300w\" sizes=\"(max-width: 580px) 100vw, 580px\" \/><\/figure><\/div>\n\n\n\n<p class=\"has-text-align-center\"><strong>Neste novo confinamento, estamos dispon\u00edveis para lhe proporcionar um almo\u00e7o ou jantar com os nossos sabores incompar\u00e1veis. <\/strong> <strong>A ementa dispon\u00edvel \u00e9 a da imagem que se encontra abaixo. <\/strong><\/p>\n\n\n\n<p class=\"has-text-align-center\"><strong>Funcionamento em Delivery e Take Away de segunda a domingo.<\/strong><\/p>\n\n\n\n<p class=\"has-text-align-center\"><strong>Aguardamos a sua encomenda. Aconselhamos a que fa\u00e7a a encomenda atempadamente. <\/strong><\/p>\n\n\n\n<p class=\"has-text-align-center\"><strong>Desejamos a todos Um Excelente 2021<\/strong>! <strong>Fique em Casa!<\/strong><\/p>\n\n\n\n<figure class=\"wp-block-gallery aligncenter columns-0 is-cropped wp-block-gallery-1 is-layout-flex wp-block-gallery-is-layout-flex\"><ul class=\"blocks-gallery-grid\"><\/ul><\/figure>\n\n\n\n<p><\/p>\n\n\n\n<h3 class=\"wp-block-heading\">Vinhos &#8211; Campanha Especial<\/h3>\n\n\n\n<figure class=\"wp-block-table is-style-stripes\"><table><tbody><tr><td><strong>Champanhe<\/strong><\/td><td class=\"has-text-align-right\" data-align=\"right\"><\/td><\/tr><tr><td>Moet &amp; Chandon Brut Imperial <\/td><td class=\"has-text-align-right\" data-align=\"right\">35.00\u20ac<\/td><\/tr><tr><td><strong>Branco<\/strong><\/td><td class=\"has-text-align-right\" data-align=\"right\"><\/td><\/tr><tr><td>Maria Izabel Vinhas Velhas &#8211; Vinhas da Princesa 2017<\/td><td class=\"has-text-align-right\" data-align=\"right\">39.50\u20ac<\/td><\/tr><tr><td><strong>Tinto<\/strong><\/td><td class=\"has-text-align-right\" data-align=\"right\"><\/td><\/tr><tr><td>Quinta Vale D. Maria 2017<\/td><td class=\"has-text-align-right\" data-align=\"right\">39.50\u20ac<\/td><\/tr><tr><td>Cartuxa Reserva 2015<\/td><td class=\"has-text-align-right\" data-align=\"right\">42.00\u20ac<\/td><\/tr><\/tbody><\/table><\/figure>\n\n\n\n<h3 class=\"wp-block-heading\">Entradas<\/h3>\n\n\n\n<div class=\"wp-block-group\"><div class=\"wp-block-group__inner-container is-layout-flow wp-block-group-is-layout-flow\">\n<figure class=\"wp-block-table is-style-stripes\"><table><tbody><tr><td>Bolinha de \u00c1gua<\/td><td class=\"has-text-align-right\" data-align=\"right\">0.90\u20ac<\/td><\/tr><tr><td>Sele\u00e7\u00e3o de P\u00e3es <\/td><td class=\"has-text-align-right\" data-align=\"right\">5.00\u20ac<\/td><\/tr><tr><td>Queijo de Azeit\u00e3o DOP (de ovelha)<\/td><td class=\"has-text-align-right\" data-align=\"right\">4.50\u20ac<\/td><\/tr><tr><td>Prato de Presunto Joselito<\/td><td class=\"has-text-align-right\" data-align=\"right\">22.50\u20ac<\/td><\/tr><tr><td>Polvo \u00e0 Galega<\/td><td class=\"has-text-align-right\" data-align=\"right\">17.50\u20ac<\/td><\/tr><tr><td>Am\u00eaijoas \u00e0 Bulh\u00e3o Pato <\/td><td class=\"has-text-align-right\" data-align=\"right\">24.00\u20ac<\/td><\/tr><tr><td>Gambas \u00e0 Guilho<\/td><td class=\"has-text-align-right\" data-align=\"right\">15.00\u20ac<\/td><\/tr><\/tbody><\/table><\/figure>\n\n\n\n<p><\/p>\n<\/div><\/div>\n\n\n\n<div class=\"wp-block-group\"><div class=\"wp-block-group__inner-container is-layout-flow wp-block-group-is-layout-flow\">\n<h3 class=\"wp-block-heading\">Sopa<\/h3>\n<\/div><\/div>\n\n\n\n<figure class=\"wp-block-table is-style-stripes\"><table><tbody><tr><td>Sopa de Legumes<\/td><td class=\"has-text-align-right\" data-align=\"right\">4.50\u20ac<\/td><\/tr><tr><td>Sopa de Santola<\/td><td class=\"has-text-align-right\" data-align=\"right\">16.75\u20ac<\/td><\/tr><\/tbody><\/table><\/figure>\n\n\n\n<hr class=\"wp-block-separator is-style-wide\"\/>\n\n\n\n<h2 class=\"wp-block-heading\">Refei\u00e7\u00f5es para &#8220;j\u00e1&#8221; (pronto a comer)<\/h2>\n\n\n\n<h3 class=\"wp-block-heading\">Carnes<\/h3>\n\n\n\n<figure class=\"wp-block-table is-style-stripes\"><table><tbody><tr><td>Cabrito Assado no Forno \u00e0 Mon\u00e7\u00e3o (com batata assada e arroz de forno) <\/td><td class=\"has-text-align-right\" data-align=\"right\">28.00\u20ac<\/td><\/tr><tr><td>Pernil Assado no Forno (com batata assada e grelos)<\/td><td class=\"has-text-align-right\" data-align=\"right\">25.50\u20ac<\/td><\/tr><tr><td>Torned\u00f3 &#8220;Aux Champignons&#8221; (com batata frita)<\/td><td class=\"has-text-align-right\" data-align=\"right\">29.00\u20ac<\/td><\/tr><tr><td>Rosbife (com batata assada e grelos) (sob consulta)<\/td><td class=\"has-text-align-right\" data-align=\"right\">25.50\u20ac<\/td><\/tr><tr><td>Arroz de Cabidela (3\u00aa feira)<\/td><td class=\"has-text-align-right\" data-align=\"right\">21.00\u20ac<\/td><\/tr><tr><td>Cozido \u00e0 Minhota (1 pessoa) (4\u00aa feira)<\/td><td class=\"has-text-align-right\" data-align=\"right\">24.00\u20ac<\/td><\/tr><tr><td>Panela (5\u00aa feira)<\/td><td class=\"has-text-align-right\" data-align=\"right\">19.50\u20ac<\/td><\/tr><tr><td>Arroz de Pato (6\u00aa feira)<\/td><td class=\"has-text-align-right\" data-align=\"right\">19.50\u20ac<\/td><\/tr><tr><td>Vitela Barros\u00e3 Assada no Forno (sob consulta)<\/td><td class=\"has-text-align-right\" data-align=\"right\">29.00\u20ac<\/td><\/tr><tr><td>Folhado de Vitela<\/td><td class=\"has-text-align-right\" data-align=\"right\">25.50\u20ac<\/td><\/tr><\/tbody><\/table><\/figure>\n\n\n\n<hr class=\"wp-block-separator is-style-wide\"\/>\n\n\n\n<h3 class=\"wp-block-heading\">Peixes e Mariscos<\/h3>\n\n\n\n<figure class=\"wp-block-table is-style-stripes\"><table><tbody><tr><td>Bacalhau \u00e0 Narcisa<\/td><td class=\"has-text-align-right\" data-align=\"right\">28.00\u20ac<\/td><\/tr><tr><td>Pataniscas de Bacalhau<\/td><td class=\"has-text-align-right\" data-align=\"right\">19.50\u20ac<\/td><\/tr><tr><td>Polvo \u00e0 Lagareiro<\/td><td class=\"has-text-align-right\" data-align=\"right\">33.00\u20ac<\/td><\/tr><tr><td>Maionese de Lagosta<\/td><td class=\"has-text-align-right\" data-align=\"right\">32.00\u20ac<\/td><\/tr><tr><td>Caril de Gambas<\/td><td class=\"has-text-align-right\" data-align=\"right\">26.00\u20ac<\/td><\/tr><tr><td>Garoupa assada no forno \u00e0 Portuguesa (posta)<\/td><td class=\"has-text-align-right\" data-align=\"right\">29.00\u20ac<\/td><\/tr><tr><td>Arroz de Lagosta e Gambas<\/td><td class=\"has-text-align-right\" data-align=\"right\">34.50\u20ac<\/td><\/tr><tr><td>Arroz de Garoupa com Gambas<\/td><td class=\"has-text-align-right\" data-align=\"right\">24.50\u20ac<\/td><\/tr><tr><td>Arroz Negro (chocos, vieiras, gambas, cogumelos e mexilh\u00f5es<br>(2 pessoas)<\/td><td class=\"has-text-align-right\" data-align=\"right\">59.00\u20ac<\/td><\/tr><tr><td>Gambas cozidas (200g) com maionese caseira<\/td><td class=\"has-text-align-right\" data-align=\"right\">9.50\u20ac<\/td><\/tr><tr><td>Camar\u00e3o Panado com Arroz de Tomate<\/td><td class=\"has-text-align-right\" data-align=\"right\">26.00\u20ac<\/td><\/tr><tr><td>A\u00e7orda de Lavagante (80g de lavagante limpo) (1 pessoa)<\/td><td class=\"has-text-align-right\" data-align=\"right\">29.50\u20ac<\/td><\/tr><tr><td>Paelha de Porco Preto com Gambas e Mexilh\u00f5es (2 pessoas)<\/td><td class=\"has-text-align-right\" data-align=\"right\">59.00\u20ac<\/td><\/tr><tr><td>Bacalhau \u00e0 Gomes S\u00e1 (2\u00aa feira)<\/td><td class=\"has-text-align-right\" data-align=\"right\">19.50\u20ac<\/td><\/tr><\/tbody><\/table><\/figure>\n\n\n\n<hr class=\"wp-block-separator is-style-wide\"\/>\n\n\n\n<h3 class=\"wp-block-heading\">Guarni\u00e7\u00e3o Extra<\/h3>\n\n\n\n<figure class=\"wp-block-table is-style-stripes\"><table><tbody><tr><td>Arroz de Forno<\/td><td class=\"has-text-align-right\" data-align=\"right\">4.00\u20ac<\/td><\/tr><tr><td>Batata Frita<\/td><td class=\"has-text-align-right\" data-align=\"right\">5.00\u20ac<\/td><\/tr><tr><td>Esparregado<\/td><td class=\"has-text-align-right\" data-align=\"right\">4.00\u20ac<\/td><\/tr><tr><td>Salada Russa<\/td><td class=\"has-text-align-right\" data-align=\"right\">5.00\u20ac<\/td><\/tr><tr><td>Grelos Salteados<\/td><td class=\"has-text-align-right\" data-align=\"right\">5.00\u20ac<\/td><\/tr><tr><td>Salada Mista<\/td><td class=\"has-text-align-right\" data-align=\"right\">5.00\u20ac<\/td><\/tr><tr><td>Arroz de Feij\u00e3o<\/td><td class=\"has-text-align-right\" data-align=\"right\">4.50\u20ac<\/td><\/tr><tr><td>Arroz de Tomate<\/td><td class=\"has-text-align-right\" data-align=\"right\">4.00\u20ac<\/td><\/tr><\/tbody><\/table><\/figure>\n\n\n\n<hr class=\"wp-block-separator is-style-wide\"\/>\n\n\n\n<h2 class=\"wp-block-heading\">Refei\u00e7\u00f5es para &#8220;logo&#8221; (cozinhe voc\u00ea)<\/h2>\n\n\n\n<figure class=\"wp-block-table is-style-stripes\"><table><tbody><tr><td class=\"has-text-align-left\" data-align=\"left\">Polvo \u00e0 Galega<\/td><td class=\"has-text-align-right\" data-align=\"right\">17.50\u20ac<\/td><\/tr><tr><td class=\"has-text-align-left\" data-align=\"left\">Arroz de Lavagante (250 g de lavagante limpo) (2 pessoas)<\/td><td class=\"has-text-align-right\" data-align=\"right\">79.00\u20ac<\/td><\/tr><tr><td class=\"has-text-align-left\" data-align=\"left\">Arroz de Lagosta (60 g) e Gambas (70 g)<\/td><td class=\"has-text-align-right\" data-align=\"right\">34.50\u20ac<\/td><\/tr><tr><td class=\"has-text-align-left\" data-align=\"left\">Arroz de Garoupa (100 g) com Gambas (70 g)<\/td><td class=\"has-text-align-right\" data-align=\"right\">24.50\u20ac<\/td><\/tr><tr><td class=\"has-text-align-left\" data-align=\"left\">Cozido \u00e0 Portuguesa (1 pessoa) (4\u00aa feira)<\/td><td class=\"has-text-align-right\" data-align=\"right\">24.00\u20ac<\/td><\/tr><tr><td class=\"has-text-align-left\" data-align=\"left\">Cabrito Assado no Forno \u00e0 Mon\u00e7\u00e3o (com batata assada e arroz de forno)<\/td><td class=\"has-text-align-right\" data-align=\"right\">28.00\u20ac<\/td><\/tr><tr><td class=\"has-text-align-left\" data-align=\"left\">Vitela Barros\u00e3 Assada no Forno (sob consulta)<\/td><td class=\"has-text-align-right\" data-align=\"right\">29.00\u20ac<\/td><\/tr><tr><td class=\"has-text-align-left\" data-align=\"left\">Folhado de Vitela <\/td><td class=\"has-text-align-right\" data-align=\"right\">25.50\u20ac<\/td><\/tr><tr><td class=\"has-text-align-left\" data-align=\"left\">Folhado de Lavagante<\/td><td class=\"has-text-align-right\" data-align=\"right\">32.00\u20ac<\/td><\/tr><\/tbody><\/table><\/figure>\n\n\n\n<hr class=\"wp-block-separator is-style-wide\"\/>\n\n\n\n<h2 class=\"wp-block-heading\">Refei\u00e7\u00f5es para &#8220;guardar&#8221; (congelados)<\/h2>\n\n\n\n<figure class=\"wp-block-table is-style-stripes\"><table><tbody><tr><td>Bacalhau com Natas e Gambas 1 Kg (2 a 3 pessoas)<\/td><td class=\"has-text-align-right\" data-align=\"right\">32.00\u20ac<\/td><\/tr><tr><td>Croquetes (12 unidades)<\/td><td class=\"has-text-align-right\" data-align=\"right\">15.00\u20ac<\/td><\/tr><tr><td>Rissois (12 unidades)<\/td><td class=\"has-text-align-right\" data-align=\"right\">15.00\u20ac<\/td><\/tr><tr><td>Pasteis de Bacalhau (12 unidades)<\/td><td class=\"has-text-align-right\" data-align=\"right\">15.00\u20ac<\/td><\/tr><\/tbody><\/table><\/figure>\n\n\n\n<hr class=\"wp-block-separator is-style-wide\"\/>\n\n\n\n<h2 class=\"wp-block-heading\">Sobremesas<\/h2>\n\n\n\n<figure class=\"wp-block-table is-style-stripes\"><table><tbody><tr><td>Sonhos (unidade) <\/td><td class=\"has-text-align-right\" data-align=\"right\">1.95\u20ac<\/td><\/tr><tr><td>Coscor\u00f5es (unidade) <\/td><td class=\"has-text-align-right\" data-align=\"right\">2.10\u20ac<\/td><\/tr><tr><td>Rabanadas (unidade)<\/td><td class=\"has-text-align-right\" data-align=\"right\">2.75\u20ac<\/td><\/tr><tr><td>Doce da Av\u00f3 Lu\u00edsa<\/td><td class=\"has-text-align-right\" data-align=\"right\">6.00\u20ac<\/td><\/tr><tr><td>Trouxas de Ovos<\/td><td class=\"has-text-align-right\" data-align=\"right\">7.00\u20ac<\/td><\/tr><tr><td>Tarte de Am\u00eandoa<\/td><td class=\"has-text-align-right\" data-align=\"right\">6.00\u20ac<\/td><\/tr><tr><td>Pudim do Abade <\/td><td class=\"has-text-align-right\" data-align=\"right\">7.00\u20ac<\/td><\/tr><tr><td>Mousse de Chocolate <\/td><td class=\"has-text-align-right\" data-align=\"right\">6.50\u20ac<\/td><\/tr><tr><td>Salada de Frutas<\/td><td class=\"has-text-align-right\" data-align=\"right\">6.00\u20ac<\/td><\/tr><tr><td>Arroz Doce<\/td><td class=\"has-text-align-right\" data-align=\"right\">4.75\u20ac<\/td><\/tr><tr><td>Leite Creme<\/td><td class=\"has-text-align-right\" data-align=\"right\">4.75\u20ac<\/td><\/tr><tr><td>Pudim Flan <\/td><td class=\"has-text-align-right\" data-align=\"right\">5.00\u20ac<\/td><\/tr><\/tbody><\/table><\/figure>\n\n\n\n<p><\/p>\n","protected":false},"excerpt":{"rendered":"<p>Ementa Delivery Neste novo confinamento, estamos dispon\u00edveis para lhe proporcionar um almo\u00e7o ou jantar com os nossos sabores incompar\u00e1veis. A&hellip;<\/p>\n","protected":false},"author":1,"featured_media":0,"parent":0,"menu_order":0,"comment_status":"closed","ping_status":"closed","template":"","meta":{"footnotes":""},"class_list":{"0":"post-621","1":"page","2":"type-page","3":"status-publish","5":"entry","6":"post-layout-default"},"_links":{"self":[{"href":"https:\/\/wconde.net\/spdelivery\/wp-json\/wp\/v2\/pages\/621","targetHints":{"allow":["GET"]}}],"collection":[{"href":"https:\/\/wconde.net\/spdelivery\/wp-json\/wp\/v2\/pages"}],"about":[{"href":"https:\/\/wconde.net\/spdelivery\/wp-json\/wp\/v2\/types\/page"}],"author":[{"embeddable":true,"href":"https:\/\/wconde.net\/spdelivery\/wp-json\/wp\/v2\/users\/1"}],"replies":[{"embeddable":true,"href":"https:\/\/wconde.net\/spdelivery\/wp-json\/wp\/v2\/comments?post=621"}],"version-history":[{"count":93,"href":"https:\/\/wconde.net\/spdelivery\/wp-json\/wp\/v2\/pages\/621\/revisions"}],"predecessor-version":[{"id":861,"href":"https:\/\/wconde.net\/spdelivery\/wp-json\/wp\/v2\/pages\/621\/revisions\/861"}],"wp:attachment":[{"href":"https:\/\/wconde.net\/spdelivery\/wp-json\/wp\/v2\/media?parent=621"}],"curies":[{"name":"wp","href":"https:\/\/api.w.org\/{rel}","templated":true}]}}